{"id":646,"date":"2021-12-27T10:28:37","date_gmt":"2021-12-27T09:28:37","guid":{"rendered":"http:\/\/clustersahel.creativetunisia.tn\/?page_id=646"},"modified":"2021-12-27T10:32:35","modified_gmt":"2021-12-27T09:32:35","slug":"dar-jebba-et-koftan","status":"publish","type":"page","link":"https:\/\/clustersahel.creativetunisia.tn\/index.php\/dar-jebba-et-koftan\/","title":{"rendered":"Dar Jebba et Koftan"},"content":{"rendered":"\t\t<div data-elementor-type=\"wp-page\" data-elementor-id=\"646\" class=\"elementor elementor-646\" data-elementor-settings=\"[]\">\n\t\t\t\t\t\t<div class=\"elementor-inner\">\n\t\t\t\t\t\t\t<div class=\"elementor-section-wrap\">\n\t\t\t\t\t\t\t<section class=\"elementor-section elementor-top-section elementor-element elementor-element-74d80540 elementor-section-content-middle elementor-section-boxed elementor-section-height-default elementor-section-height-default\" data-id=\"74d80540\" data-element_type=\"section\">\n\t\t\t\t\t\t<div class=\"elementor-container elementor-column-gap-default\">\n\t\t\t\t\t\t\t<div class=\"elementor-row\">\n\t\t\t\t\t<div class=\"aux-parallax-section elementor-column elementor-col-50 elementor-top-column elementor-element elementor-element-5aa94688\" data-id=\"5aa94688\" data-element_type=\"column\">\n\t\t\t<div class=\"elementor-column-wrap elementor-element-populated\">\n\t\t\t\t\t\t\t<div class=\"elementor-widget-wrap\">\n\t\t\t\t\t\t<div class=\"elementor-element elementor-element-36bf8eea aux-appear-watch-animation aux-fade-in elementor-widget elementor-widget-aux_image\" data-id=\"36bf8eea\" data-element_type=\"widget\" data-widget_type=\"aux_image.default\">\n\t\t\t\t<div class=\"elementor-widget-container\">\n\t\t\t<section class=\"widget-container aux-widget-image aux-alignnone aux-parent-auc284cd5b\" style=\"\" >\n    <div class=\"aux-media-hint-frame \">\n        <div class=\"aux-media-image  aux-tilt-box\" >\n        \n            \n\n            \n            <img loading=\"lazy\" width=\"400\" height=\"529\" src=\"https:\/\/clustersahel.creativetunisia.tn\/wp-content\/uploads\/2021\/12\/dar-jebba-portrait.jpg\" class=\"aux-attachment aux-featured-image aux-attachment-id-649\" alt=\"dar-jebba-portrait\" srcset=\"https:\/\/clustersahel.creativetunisia.tn\/wp-content\/uploads\/2021\/12\/dar-jebba-portrait-150x232.jpg 150w,https:\/\/clustersahel.creativetunisia.tn\/wp-content\/uploads\/2021\/12\/dar-jebba-portrait-300x464.jpg 300w,https:\/\/clustersahel.creativetunisia.tn\/wp-content\/uploads\/2021\/12\/dar-jebba-portrait.jpg 400w\" data-ratio=\"0.65\" data-original-w=\"400\" sizes=\"(max-width:479px) 480px,(max-width:767px) 768px,(max-width:1023px) 1024px,400px\" \/>            \n                <\/div>\n    <\/div>\n\n<\/section><!-- widget-container -->\t\t<\/div>\n\t\t\t\t<\/div>\n\t\t\t\t<div class=\"elementor-element elementor-element-1b20c22f aux-appear-watch-animation aux-fade-in elementor-widget elementor-widget-aux_modern_heading\" data-id=\"1b20c22f\" data-element_type=\"widget\" data-widget_type=\"aux_modern_heading.default\">\n\t\t\t\t<div class=\"elementor-widget-container\">\n\t\t\t<section class=\"aux-widget-modern-heading\">\n            <div class=\"aux-widget-inner\"><h2 class=\"aux-modern-heading-primary\"><\/h2><\/div>\n        <\/section>\t\t<\/div>\n\t\t\t\t<\/div>\n\t\t\t\t\t\t<\/div>\n\t\t\t\t\t<\/div>\n\t\t<\/div>\n\t\t\t\t<div class=\"aux-parallax-section elementor-column elementor-col-50 elementor-top-column elementor-element elementor-element-3dc160c8\" data-id=\"3dc160c8\" data-element_type=\"column\">\n\t\t\t<div class=\"elementor-column-wrap elementor-element-populated\">\n\t\t\t\t\t\t\t<div class=\"elementor-widget-wrap\">\n\t\t\t\t\t\t<div class=\"elementor-element elementor-element-1aaf51d4 aux-appear-watch-animation aux-fade-in elementor-widget elementor-widget-aux_modern_heading\" data-id=\"1aaf51d4\" data-element_type=\"widget\" data-widget_type=\"aux_modern_heading.default\">\n\t\t\t\t<div class=\"elementor-widget-container\">\n\t\t\t<section class=\"aux-widget-modern-heading\">\n            <div class=\"aux-widget-inner\"><h2 class=\"aux-modern-heading-primary\">Dar Jebba et Koftan<\/h2><h3 class=\"aux-modern-heading-secondary\"><span class=\"aux-head-before\">Tissage traditionnel<\/span><\/h3><\/div>\n        <\/section>\t\t<\/div>\n\t\t\t\t<\/div>\n\t\t\t\t<div class=\"elementor-element elementor-element-4d2c0ea8 elementor-icon-list--layout-inline elementor-align-left aux-appear-watch-animation aux-fade-in elementor-list-item-link-full_width elementor-widget elementor-widget-icon-list\" data-id=\"4d2c0ea8\" data-element_type=\"widget\" data-widget_type=\"icon-list.default\">\n\t\t\t\t<div class=\"elementor-widget-container\">\n\t\t\t\t\t<ul class=\"elementor-icon-list-items elementor-inline-items\">\n\t\t\t\t\t\t\t<li class=\"elementor-icon-list-item elementor-inline-item\">\n\t\t\t\t\t\t\t\t\t\t\t<span class=\"elementor-icon-list-icon\">\n\t\t\t\t\t\t\t<i aria-hidden=\"true\" class=\"auxicon auxicon-iphone\"><\/i>\t\t\t\t\t\t<\/span>\n\t\t\t\t\t\t\t\t\t\t<span class=\"elementor-icon-list-text\">+216 55 407 512<\/span>\n\t\t\t\t\t\t\t\t\t<\/li>\n\t\t\t\t\t\t<\/ul>\n\t\t\t\t<\/div>\n\t\t\t\t<\/div>\n\t\t\t\t<div class=\"elementor-element elementor-element-500d47e0 elementor-icon-list--layout-inline elementor-align-left aux-appear-watch-animation aux-fade-in elementor-list-item-link-full_width elementor-widget elementor-widget-icon-list\" data-id=\"500d47e0\" data-element_type=\"widget\" data-widget_type=\"icon-list.default\">\n\t\t\t\t<div class=\"elementor-widget-container\">\n\t\t\t\t\t<ul class=\"elementor-icon-list-items elementor-inline-items\">\n\t\t\t\t\t\t\t<li class=\"elementor-icon-list-item elementor-inline-item\">\n\t\t\t\t\t\t\t\t\t\t\t<span class=\"elementor-icon-list-icon\">\n\t\t\t\t\t\t\t<i aria-hidden=\"true\" class=\"fas fa-map-marker-alt\"><\/i>\t\t\t\t\t\t<\/span>\n\t\t\t\t\t\t\t\t\t\t<span class=\"elementor-icon-list-text\">4 Rue Fattouma Bourguiba 5070 Ksar Hellal<\/span>\n\t\t\t\t\t\t\t\t\t<\/li>\n\t\t\t\t\t\t<\/ul>\n\t\t\t\t<\/div>\n\t\t\t\t<\/div>\n\t\t\t\t<div class=\"elementor-element elementor-element-250faf5a aux-appear-watch-animation aux-fade-in elementor-widget elementor-widget-aux_modern_heading\" data-id=\"250faf5a\" data-element_type=\"widget\" data-widget_type=\"aux_modern_heading.default\">\n\t\t\t\t<div class=\"elementor-widget-container\">\n\t\t\t<section class=\"aux-widget-modern-heading\">\n            <div class=\"aux-widget-inner\"><h2 class=\"aux-modern-heading-primary\">A propos<\/h2><div class=\"aux-modern-heading-description\"><p>Dar Jeba &amp; Koftan est une entreprise familiale sp\u00e9cialis\u00e9e en couture fine et haute couture d\u2019habits traditionnels.<br \/>La ma\u00eetrise de la fabrication lui permet de r\u00e9aliser des caftans dans la plus pure tradition du m\u00e9tier et de garantir un haut niveau de qualit\u00e9.<br \/>Ses cr\u00e9ations refl\u00eatent ainsi la richesse du pass\u00e9 et l\u2019inspiration d\u2019une tradition revisit\u00e9e. Les porter c\u2019est valoriser le travail r\u00e9alis\u00e9 par ces artisans passion\u00e9es. <\/p><\/div><\/div>\n        <\/section>\t\t<\/div>\n\t\t\t\t<\/div>\n\t\t\t\t\t\t<\/div>\n\t\t\t\t\t<\/div>\n\t\t<\/div>\n\t\t\t\t\t\t\t\t<\/div>\n\t\t\t\t\t<\/div>\n\t\t<\/section>\n\t\t\t\t<section class=\"elementor-section elementor-top-section elementor-element elementor-element-3d41461f elementor-section-boxed elementor-section-height-default elementor-section-height-default\" data-id=\"3d41461f\" data-element_type=\"section\">\n\t\t\t\t\t\t<div class=\"elementor-container elementor-column-gap-default\">\n\t\t\t\t\t\t\t<div class=\"elementor-row\">\n\t\t\t\t\t<div class=\"aux-parallax-section elementor-column elementor-col-100 elementor-top-column elementor-element elementor-element-192c6895\" data-id=\"192c6895\" data-element_type=\"column\">\n\t\t\t<div class=\"elementor-column-wrap elementor-element-populated\">\n\t\t\t\t\t\t\t<div class=\"elementor-widget-wrap\">\n\t\t\t\t\t\t<div class=\"elementor-element elementor-element-773e65b2 elementor-widget elementor-widget-aux_image\" data-id=\"773e65b2\" data-element_type=\"widget\" data-widget_type=\"aux_image.default\">\n\t\t\t\t<div class=\"elementor-widget-container\">\n\t\t\t<section class=\"widget-container aux-widget-image aux-alignnone aux-parent-au50f2d697\" style=\"\" >\n    <div class=\"aux-media-hint-frame \">\n        <div class=\"aux-media-image aux-hover-active\" >\n                    <a class=\"\" href=\"http:\/\/clustermoknine.creativetunisia.tn\/wp-content\/uploads\/2021\/10\/Catalogue-Khemiss-Abdessalem.pdf\" data-elementor-open-lightbox=\"no\" data-original-width=\"2560\" data-original-height=\"1708\" data-caption=\"_DSC9865\" target=\"_blank\"  >\n        \n            \n\n            \n            <img loading=\"lazy\" width=\"2560\" height=\"1708\" src=\"https:\/\/clustersahel.creativetunisia.tn\/wp-content\/uploads\/2021\/12\/DSC9865-scaled.jpg\" class=\"aux-attachment aux-featured-image aux-attachment-id-650\" alt=\"_DSC9865\" data-ratio=\"1.5\" data-original-w=\"2560\" \/>            \n                    <\/a>\n                <\/div>\n    <\/div>\n\n<\/section><!-- widget-container -->\t\t<\/div>\n\t\t\t\t<\/div>\n\t\t\t\t<div class=\"elementor-element elementor-element-5cc5c374 elementor-widget elementor-widget-aux_modern_heading\" data-id=\"5cc5c374\" data-element_type=\"widget\" data-widget_type=\"aux_modern_heading.default\">\n\t\t\t\t<div class=\"elementor-widget-container\">\n\t\t\t<section class=\"aux-widget-modern-heading\">\n            <div class=\"aux-widget-inner\"><h3 class=\"aux-modern-heading-primary\">Catalogue Dar Jebba et Koftan<\/h3><\/div>\n        <\/section>\t\t<\/div>\n\t\t\t\t<\/div>\n\t\t\t\t<div class=\"elementor-element elementor-element-2abedd2 aux-appear-watch-animation aux-fade-in-up-1 elementor-widget elementor-widget-aux_button\" data-id=\"2abedd2\" data-element_type=\"widget\" data-widget_type=\"aux_button.default\">\n\t\t\t\t<div class=\"elementor-widget-container\">\n\t\t\t<a  href=\"http:\/\/clustersahel.creativetunisia.tn\/wp-content\/uploads\/2021\/12\/Catalogue-Dar-Jebba-Koftan.pdf\" target=\"_blank\"   class=\"aux-button aux-medium aux-pastel-orange aux-curve aux-none aux-uppercase\" ><span class=\"aux-overlay\"><\/span><span class=\"aux-text\">T\u00e9l\u00e9charger le catalogue<\/span><\/a>\t\t<\/div>\n\t\t\t\t<\/div>\n\t\t\t\t\t\t<\/div>\n\t\t\t\t\t<\/div>\n\t\t<\/div>\n\t\t\t\t\t\t\t\t<\/div>\n\t\t\t\t\t<\/div>\n\t\t<\/section>\n\t\t\t\t\t\t<\/div>\n\t\t\t\t\t\t<\/div>\n\t\t\t\t\t<\/div>\n\t\t","protected":false},"excerpt":{"rendered":"<p>Dar Jebba et Koftan Tissage traditionnel +216 55 407 512 4 Rue Fattouma Bourguiba 5070 Ksar Hellal A propos Dar Jeba &amp; Koftan est une entreprise familiale sp\u00e9cialis\u00e9e en couture fine et haute couture d\u2019habits traditionnels.La ma\u00eetrise de la fabrication lui permet de r\u00e9aliser des caftans dans la plus pure tradition du m\u00e9tier et de [&hellip;]<\/p>\n","protected":false},"author":1,"featured_media":0,"parent":0,"menu_order":0,"comment_status":"closed","ping_status":"closed","template":"","meta":[],"_links":{"self":[{"href":"https:\/\/clustersahel.creativetunisia.tn\/index.php\/wp-json\/wp\/v2\/pages\/646"}],"collection":[{"href":"https:\/\/clustersahel.creativetunisia.tn\/index.php\/wp-json\/wp\/v2\/pages"}],"about":[{"href":"https:\/\/clustersahel.creativetunisia.tn\/index.php\/wp-json\/wp\/v2\/types\/page"}],"author":[{"embeddable":true,"href":"https:\/\/clustersahel.creativetunisia.tn\/index.php\/wp-json\/wp\/v2\/users\/1"}],"replies":[{"embeddable":true,"href":"https:\/\/clustersahel.creativetunisia.tn\/index.php\/wp-json\/wp\/v2\/comments?post=646"}],"version-history":[{"count":4,"href":"https:\/\/clustersahel.creativetunisia.tn\/index.php\/wp-json\/wp\/v2\/pages\/646\/revisions"}],"predecessor-version":[{"id":653,"href":"https:\/\/clustersahel.creativetunisia.tn\/index.php\/wp-json\/wp\/v2\/pages\/646\/revisions\/653"}],"wp:attachment":[{"href":"https:\/\/clustersahel.creativetunisia.tn\/index.php\/wp-json\/wp\/v2\/media?parent=646"}],"curies":[{"name":"wp","href":"https:\/\/api.w.org\/{rel}","templated":true}]}}