{"id":616,"date":"2021-12-27T10:06:45","date_gmt":"2021-12-27T09:06:45","guid":{"rendered":"http:\/\/clustersahel.creativetunisia.tn\/?page_id=616"},"modified":"2021-12-27T10:12:46","modified_gmt":"2021-12-27T09:12:46","slug":"kana-prod","status":"publish","type":"page","link":"https:\/\/clustersahel.creativetunisia.tn\/index.php\/kana-prod\/","title":{"rendered":"Kana prod"},"content":{"rendered":"\t\t<div data-elementor-type=\"wp-page\" data-elementor-id=\"616\" class=\"elementor elementor-616\" data-elementor-settings=\"[]\">\n\t\t\t\t\t\t<div class=\"elementor-inner\">\n\t\t\t\t\t\t\t<div class=\"elementor-section-wrap\">\n\t\t\t\t\t\t\t<section class=\"elementor-section elementor-top-section elementor-element elementor-element-74d80540 elementor-section-content-middle elementor-section-boxed elementor-section-height-default elementor-section-height-default\" data-id=\"74d80540\" data-element_type=\"section\">\n\t\t\t\t\t\t<div class=\"elementor-container elementor-column-gap-default\">\n\t\t\t\t\t\t\t<div class=\"elementor-row\">\n\t\t\t\t\t<div class=\"aux-parallax-section elementor-column elementor-col-50 elementor-top-column elementor-element elementor-element-5aa94688\" data-id=\"5aa94688\" data-element_type=\"column\">\n\t\t\t<div class=\"elementor-column-wrap elementor-element-populated\">\n\t\t\t\t\t\t\t<div class=\"elementor-widget-wrap\">\n\t\t\t\t\t\t<div class=\"elementor-element elementor-element-36bf8eea aux-appear-watch-animation aux-fade-in elementor-widget elementor-widget-aux_image\" data-id=\"36bf8eea\" data-element_type=\"widget\" data-widget_type=\"aux_image.default\">\n\t\t\t\t<div class=\"elementor-widget-container\">\n\t\t\t<section class=\"widget-container aux-widget-image aux-alignnone aux-parent-au02ebf553\" style=\"\" >\n    <div class=\"aux-media-hint-frame \">\n        <div class=\"aux-media-image  aux-tilt-box\" >\n        \n            \n\n            \n            <img loading=\"lazy\" width=\"400\" height=\"529\" src=\"https:\/\/clustersahel.creativetunisia.tn\/wp-content\/uploads\/2021\/12\/kana-prod-portrait.jpg\" class=\"aux-attachment aux-featured-image aux-attachment-id-618\" alt=\"kana-prod-portrait\" srcset=\"https:\/\/clustersahel.creativetunisia.tn\/wp-content\/uploads\/2021\/12\/kana-prod-portrait-150x232.jpg 150w,https:\/\/clustersahel.creativetunisia.tn\/wp-content\/uploads\/2021\/12\/kana-prod-portrait-300x464.jpg 300w,https:\/\/clustersahel.creativetunisia.tn\/wp-content\/uploads\/2021\/12\/kana-prod-portrait.jpg 400w\" data-ratio=\"0.65\" data-original-w=\"400\" sizes=\"(max-width:479px) 480px,(max-width:767px) 768px,(max-width:1023px) 1024px,400px\" \/>            \n                <\/div>\n    <\/div>\n\n<\/section><!-- widget-container -->\t\t<\/div>\n\t\t\t\t<\/div>\n\t\t\t\t<div class=\"elementor-element elementor-element-1b20c22f aux-appear-watch-animation aux-fade-in elementor-widget elementor-widget-aux_modern_heading\" data-id=\"1b20c22f\" data-element_type=\"widget\" data-widget_type=\"aux_modern_heading.default\">\n\t\t\t\t<div class=\"elementor-widget-container\">\n\t\t\t<section class=\"aux-widget-modern-heading\">\n            <div class=\"aux-widget-inner\"><h2 class=\"aux-modern-heading-primary\">Hedi Sanaa<\/h2><\/div>\n        <\/section>\t\t<\/div>\n\t\t\t\t<\/div>\n\t\t\t\t\t\t<\/div>\n\t\t\t\t\t<\/div>\n\t\t<\/div>\n\t\t\t\t<div class=\"aux-parallax-section elementor-column elementor-col-50 elementor-top-column elementor-element elementor-element-3dc160c8\" data-id=\"3dc160c8\" data-element_type=\"column\">\n\t\t\t<div class=\"elementor-column-wrap elementor-element-populated\">\n\t\t\t\t\t\t\t<div class=\"elementor-widget-wrap\">\n\t\t\t\t\t\t<div class=\"elementor-element elementor-element-1aaf51d4 aux-appear-watch-animation aux-fade-in elementor-widget elementor-widget-aux_modern_heading\" data-id=\"1aaf51d4\" data-element_type=\"widget\" data-widget_type=\"aux_modern_heading.default\">\n\t\t\t\t<div class=\"elementor-widget-container\">\n\t\t\t<section class=\"aux-widget-modern-heading\">\n            <div class=\"aux-widget-inner\"><h2 class=\"aux-modern-heading-primary\">Kana prod<\/h2><h3 class=\"aux-modern-heading-secondary\"><span class=\"aux-head-before\">Tissage traditionnel <\/span><\/h3><\/div>\n        <\/section>\t\t<\/div>\n\t\t\t\t<\/div>\n\t\t\t\t<div class=\"elementor-element elementor-element-4d2c0ea8 elementor-icon-list--layout-inline elementor-align-left aux-appear-watch-animation aux-fade-in elementor-list-item-link-full_width elementor-widget elementor-widget-icon-list\" data-id=\"4d2c0ea8\" data-element_type=\"widget\" data-widget_type=\"icon-list.default\">\n\t\t\t\t<div class=\"elementor-widget-container\">\n\t\t\t\t\t<ul class=\"elementor-icon-list-items elementor-inline-items\">\n\t\t\t\t\t\t\t<li class=\"elementor-icon-list-item elementor-inline-item\">\n\t\t\t\t\t\t\t\t\t\t\t<span class=\"elementor-icon-list-icon\">\n\t\t\t\t\t\t\t<i aria-hidden=\"true\" class=\"auxicon auxicon-iphone\"><\/i>\t\t\t\t\t\t<\/span>\n\t\t\t\t\t\t\t\t\t\t<span class=\"elementor-icon-list-text\">+216 70 316 052 | +216 95 878 340<\/span>\n\t\t\t\t\t\t\t\t\t<\/li>\n\t\t\t\t\t\t<\/ul>\n\t\t\t\t<\/div>\n\t\t\t\t<\/div>\n\t\t\t\t<div class=\"elementor-element elementor-element-5ed36a9 elementor-icon-list--layout-inline elementor-align-left aux-appear-watch-animation aux-fade-in elementor-list-item-link-full_width elementor-widget elementor-widget-icon-list\" data-id=\"5ed36a9\" data-element_type=\"widget\" data-widget_type=\"icon-list.default\">\n\t\t\t\t<div class=\"elementor-widget-container\">\n\t\t\t\t\t<ul class=\"elementor-icon-list-items elementor-inline-items\">\n\t\t\t\t\t\t\t<li class=\"elementor-icon-list-item elementor-inline-item\">\n\t\t\t\t\t\t\t\t\t\t\t<span class=\"elementor-icon-list-icon\">\n\t\t\t\t\t\t\t<i aria-hidden=\"true\" class=\"fas fa-envelope\"><\/i>\t\t\t\t\t\t<\/span>\n\t\t\t\t\t\t\t\t\t\t<span class=\"elementor-icon-list-text\">stekanaprod@gmail.com | hedi.sanaa@live.fr <\/span>\n\t\t\t\t\t\t\t\t\t<\/li>\n\t\t\t\t\t\t<\/ul>\n\t\t\t\t<\/div>\n\t\t\t\t<\/div>\n\t\t\t\t<div class=\"elementor-element elementor-element-500d47e0 elementor-icon-list--layout-inline elementor-align-left aux-appear-watch-animation aux-fade-in elementor-list-item-link-full_width elementor-widget elementor-widget-icon-list\" data-id=\"500d47e0\" data-element_type=\"widget\" data-widget_type=\"icon-list.default\">\n\t\t\t\t<div class=\"elementor-widget-container\">\n\t\t\t\t\t<ul class=\"elementor-icon-list-items elementor-inline-items\">\n\t\t\t\t\t\t\t<li class=\"elementor-icon-list-item elementor-inline-item\">\n\t\t\t\t\t\t\t\t\t\t\t<span class=\"elementor-icon-list-icon\">\n\t\t\t\t\t\t\t<i aria-hidden=\"true\" class=\"fas fa-map-marker-alt\"><\/i>\t\t\t\t\t\t<\/span>\n\t\t\t\t\t\t\t\t\t\t<span class=\"elementor-icon-list-text\">Cit\u00e9 Riadh, Ksar Hellal, Tunisie<\/span>\n\t\t\t\t\t\t\t\t\t<\/li>\n\t\t\t\t\t\t<\/ul>\n\t\t\t\t<\/div>\n\t\t\t\t<\/div>\n\t\t\t\t<div class=\"elementor-element elementor-element-250faf5a aux-appear-watch-animation aux-fade-in elementor-widget elementor-widget-aux_modern_heading\" data-id=\"250faf5a\" data-element_type=\"widget\" data-widget_type=\"aux_modern_heading.default\">\n\t\t\t\t<div class=\"elementor-widget-container\">\n\t\t\t<section class=\"aux-widget-modern-heading\">\n            <div class=\"aux-widget-inner\"><h2 class=\"aux-modern-heading-primary\">A propos<\/h2><div class=\"aux-modern-heading-description\"><p>KANA PROD est un atelier sp\u00e9cialis\u00e9 dans le tissage et la cr\u00e9ation de Foutas. <br \/>Tiss\u00e9es \u00e0 la main avec des franges en coton pur et naturel, elles sont appr\u00e9ci\u00e9es pour leurs l\u00e9g\u00e8ret\u00e9 et r\u00e9sistance et peuvent se d\u00e9cliner en serviettes de plage ou en linge de maison. <br \/>Notre \u00e9quipe prend le plus grand soin dans la s\u00e9lection des couleurs et des textures qui vous sont propos\u00e9es tout en s\u2019attachant aux c\u00f4t\u00e9s authentique et traditionnel de nos produits. <\/p><\/div><\/div>\n        <\/section>\t\t<\/div>\n\t\t\t\t<\/div>\n\t\t\t\t\t\t<\/div>\n\t\t\t\t\t<\/div>\n\t\t<\/div>\n\t\t\t\t\t\t\t\t<\/div>\n\t\t\t\t\t<\/div>\n\t\t<\/section>\n\t\t\t\t<section class=\"elementor-section elementor-top-section elementor-element elementor-element-3d41461f elementor-section-boxed elementor-section-height-default elementor-section-height-default\" data-id=\"3d41461f\" data-element_type=\"section\">\n\t\t\t\t\t\t<div class=\"elementor-container elementor-column-gap-default\">\n\t\t\t\t\t\t\t<div class=\"elementor-row\">\n\t\t\t\t\t<div class=\"aux-parallax-section elementor-column elementor-col-100 elementor-top-column elementor-element elementor-element-192c6895\" data-id=\"192c6895\" data-element_type=\"column\">\n\t\t\t<div class=\"elementor-column-wrap elementor-element-populated\">\n\t\t\t\t\t\t\t<div class=\"elementor-widget-wrap\">\n\t\t\t\t\t\t<div class=\"elementor-element elementor-element-773e65b2 elementor-widget elementor-widget-aux_image\" data-id=\"773e65b2\" data-element_type=\"widget\" data-widget_type=\"aux_image.default\">\n\t\t\t\t<div class=\"elementor-widget-container\">\n\t\t\t<section class=\"widget-container aux-widget-image aux-alignnone aux-parent-aua4b2be06\" style=\"\" >\n    <div class=\"aux-media-hint-frame \">\n        <div class=\"aux-media-image aux-hover-active\" >\n                    <a class=\"\" href=\"http:\/\/clustermoknine.creativetunisia.tn\/wp-content\/uploads\/2021\/10\/Catalogue-Khemiss-Abdessalem.pdf\" data-elementor-open-lightbox=\"no\" data-original-width=\"1920\" data-original-height=\"1120\" data-caption=\"Kana-Prod-Cat-01\" target=\"_blank\"  >\n        \n            \n\n            \n            <img loading=\"lazy\" width=\"1920\" height=\"1120\" src=\"https:\/\/clustersahel.creativetunisia.tn\/wp-content\/uploads\/2021\/12\/Kana-Prod-Cat-01.png\" class=\"aux-attachment aux-featured-image aux-attachment-id-626\" alt=\"Kana-Prod-Cat-01\" data-ratio=\"1.71\" data-original-w=\"1920\" \/>            \n                    <\/a>\n                <\/div>\n    <\/div>\n\n<\/section><!-- widget-container -->\t\t<\/div>\n\t\t\t\t<\/div>\n\t\t\t\t<div class=\"elementor-element elementor-element-5cc5c374 elementor-widget elementor-widget-aux_modern_heading\" data-id=\"5cc5c374\" data-element_type=\"widget\" data-widget_type=\"aux_modern_heading.default\">\n\t\t\t\t<div class=\"elementor-widget-container\">\n\t\t\t<section class=\"aux-widget-modern-heading\">\n            <div class=\"aux-widget-inner\"><h3 class=\"aux-modern-heading-primary\">Catalogue Kana prod<\/h3><\/div>\n        <\/section>\t\t<\/div>\n\t\t\t\t<\/div>\n\t\t\t\t<div class=\"elementor-element elementor-element-2abedd2 aux-appear-watch-animation aux-fade-in-up-1 elementor-widget elementor-widget-aux_button\" data-id=\"2abedd2\" data-element_type=\"widget\" data-widget_type=\"aux_button.default\">\n\t\t\t\t<div class=\"elementor-widget-container\">\n\t\t\t<a  href=\"http:\/\/clustersahel.creativetunisia.tn\/wp-content\/uploads\/2021\/12\/Catalogue-Kana-Prod.pdf\" target=\"_blank\"   class=\"aux-button aux-medium aux-pastel-orange aux-curve aux-none aux-uppercase\" ><span class=\"aux-overlay\"><\/span><span class=\"aux-text\">T\u00e9l\u00e9charger le catalogue<\/span><\/a>\t\t<\/div>\n\t\t\t\t<\/div>\n\t\t\t\t\t\t<\/div>\n\t\t\t\t\t<\/div>\n\t\t<\/div>\n\t\t\t\t\t\t\t\t<\/div>\n\t\t\t\t\t<\/div>\n\t\t<\/section>\n\t\t\t\t\t\t<\/div>\n\t\t\t\t\t\t<\/div>\n\t\t\t\t\t<\/div>\n\t\t","protected":false},"excerpt":{"rendered":"<p>Hedi Sanaa Kana prod Tissage traditionnel +216 70 316 052 | +216 95 878 340 stekanaprod@gmail.com | hedi.sanaa@live.fr Cit\u00e9 Riadh, Ksar Hellal, Tunisie A propos KANA PROD est un atelier sp\u00e9cialis\u00e9 dans le tissage et la cr\u00e9ation de Foutas. Tiss\u00e9es \u00e0 la main avec des franges en coton pur et naturel, elles sont appr\u00e9ci\u00e9es pour [&hellip;]<\/p>\n","protected":false},"author":1,"featured_media":0,"parent":0,"menu_order":0,"comment_status":"closed","ping_status":"closed","template":"","meta":[],"_links":{"self":[{"href":"https:\/\/clustersahel.creativetunisia.tn\/index.php\/wp-json\/wp\/v2\/pages\/616"}],"collection":[{"href":"https:\/\/clustersahel.creativetunisia.tn\/index.php\/wp-json\/wp\/v2\/pages"}],"about":[{"href":"https:\/\/clustersahel.creativetunisia.tn\/index.php\/wp-json\/wp\/v2\/types\/page"}],"author":[{"embeddable":true,"href":"https:\/\/clustersahel.creativetunisia.tn\/index.php\/wp-json\/wp\/v2\/users\/1"}],"replies":[{"embeddable":true,"href":"https:\/\/clustersahel.creativetunisia.tn\/index.php\/wp-json\/wp\/v2\/comments?post=616"}],"version-history":[{"count":7,"href":"https:\/\/clustersahel.creativetunisia.tn\/index.php\/wp-json\/wp\/v2\/pages\/616\/revisions"}],"predecessor-version":[{"id":629,"href":"https:\/\/clustersahel.creativetunisia.tn\/index.php\/wp-json\/wp\/v2\/pages\/616\/revisions\/629"}],"wp:attachment":[{"href":"https:\/\/clustersahel.creativetunisia.tn\/index.php\/wp-json\/wp\/v2\/media?parent=616"}],"curies":[{"name":"wp","href":"https:\/\/api.w.org\/{rel}","templated":true}]}}